{"id":3,"date":"2021-03-05T12:12:33","date_gmt":"2021-03-05T11:12:33","guid":{"rendered":"https:\/\/incarnatis.com\/lecture-augmentee\/?page_id=3"},"modified":"2024-06-05T19:23:56","modified_gmt":"2024-06-05T17:23:56","slug":"politique-de-confidentialite","status":"publish","type":"page","link":"https:\/\/incarnatis.com\/lecture-augmentee\/politique-de-confidentialite\/","title":{"rendered":"Politique de confidentialit\u00e9"},"content":{"rendered":"\t\t<div data-elementor-type=\"wp-page\" data-elementor-id=\"3\" class=\"elementor elementor-3\" data-elementor-post-type=\"page\">\n\t\t\t\t\t\t<section class=\"elementor-section elementor-top-section elementor-element elementor-element-c4470fd elementor-section-full_width elementor-section-stretched elementor-section-height-default elementor-section-height-default\" data-id=\"c4470fd\" data-element_type=\"section\" data-e-type=\"section\" data-settings=\"{&quot;stretch_section&quot;:&quot;section-stretched&quot;}\">\n\t\t\t\t\t\t<div class=\"elementor-container elementor-column-gap-default\">\n\t\t\t\t\t<div class=\"elementor-column elementor-col-100 elementor-top-column elementor-element elementor-element-1678ca44\" data-id=\"1678ca44\" data-element_type=\"column\" data-e-type=\"column\">\n\t\t\t<div class=\"elementor-widget-wrap elementor-element-populated\">\n\t\t\t\t\t\t<div class=\"elementor-element elementor-element-3d092f38 elementor-widget elementor-widget-text-editor\" data-id=\"3d092f38\" data-element_type=\"widget\" data-e-type=\"widget\" data-widget_type=\"text-editor.default\">\n\t\t\t\t<div class=\"elementor-widget-container\">\n\t\t\t\t\t\t\t\t\t<p><\/p>\n<h1 class=\"wp-block-heading\">Politique de confidentialit\u00e9<\/h1>\n<p>\u00a0<\/p>\n<h2>Qui sommes-nous\u00a0?<\/h2>\n<p><\/p>\n<p>McF Editions situ\u00e9e 14, rue du Parc, 91170 Viry-Chatillon, France s\u2019engage \u00e0 prot\u00e9ger les Donn\u00e9es \u00e0 Caract\u00e8re Personnel des Utilisateurs.<\/p>\n<p><\/p>\n<p>En acc\u00e9dant au site\u00a0<strong>InCarnatis<\/strong>, les Utilisateurs s\u2019engagent \u00e0 respecter et \u00e0 \u00eatre li\u00e9s par cette Politique de Confidentialit\u00e9, qui peut \u00eatre modifi\u00e9e ou mise \u00e0 jour \u00e0 tout moment sans pr\u00e9avis. Toute modification ou mise \u00e0 jour seront mises en ligne sur le Site.<\/p>\n<p><\/p>\n<p>L\u2019adresse de notre site Web est\u00a0: <a href=\"http:\/\/www.incarnatis.com\" target=\"_blank\" rel=\"noopener\">www.incarnatis.com<\/a><\/p>\n<p>\u00a0<\/p>\n<p><\/p>\n<h2 class=\"wp-block-heading\">Utilisation des donn\u00e9es personnelles collect\u00e9es<\/h2>\n<p><\/p>\n<h3 class=\"wp-block-heading\">Commentaires<\/h3>\n<p><\/p>\n<p>Quand vous laissez un commentaire sur notre site web, les donn\u00e9es inscrites dans le formulaire de commentaire, mais aussi votre adresse IP et l\u2019agent utilisateur de votre navigateur sont collect\u00e9s pour nous aider \u00e0 la d\u00e9tection des commentaires ind\u00e9sirables.<\/p>\n<p><\/p>\n<p>Une cha\u00eene anonymis\u00e9e cr\u00e9\u00e9e \u00e0 partir de votre adresse de messagerie (\u00e9galement appel\u00e9e hash) peut \u00eatre envoy\u00e9e au service Gravatar pour v\u00e9rifier si vous utilisez ce dernier. Les clauses de confidentialit\u00e9 du service Gravatar sont disponibles ici\u00a0: https:\/\/automattic.com\/privacy\/. Apr\u00e8s validation de votre commentaire, votre photo de profil sera visible publiquement \u00e0 cot\u00e9 de votre commentaire.<\/p>\n<p>\u00a0<\/p>\n<p><\/p>\n<h3>M\u00e9dias<\/h3>\n<p><\/p>\n<p>Si vous \u00eates un utilisateur ou une utilisatrice enregistr\u00e9(e) et que vous t\u00e9l\u00e9versez des images sur le site web, nous vous conseillons d\u2019\u00e9viter de t\u00e9l\u00e9verser des images contenant des donn\u00e9es EXIF de coordonn\u00e9es GPS. Les visiteurs de votre site web peuvent t\u00e9l\u00e9charger et extraire des donn\u00e9es de localisation depuis ces images.<\/p>\n<p>\u00a0<\/p>\n<p><\/p>\n<h3>Formulaires de contact<\/h3>\n<p><\/p>\n<p>Les informations recueillies sur ce formulaire sont enregistr\u00e9es dans un fichier informatis\u00e9 par\u00a0<strong>InCarnatis\u00a0<\/strong>pour\u00a0<strong>Gestion de notre client\u00e8le, Envoi d\u2019informations par le biais de newsletters<\/strong><\/p>\n<p><\/p>\n<p>Elles sont conserv\u00e9es pendant<strong>\u00a03 ans\u00a0<\/strong>et sont destin\u00e9es<strong>\u00a0service marketing et au service commercial de l\u2019entreprise et de ses partenaires le cas \u00e9ch\u00e9ant.<\/strong><\/p>\n<p><\/p>\n<p>Conform\u00e9ment \u00e0 la\u00a0<a href=\"https:\/\/www.cnil.fr\/fr\/loi-78-17-du-6-janvier-1978-modifiee\" target=\"_blank\" rel=\"noreferrer noopener\">loi \u00ab informatique et libert\u00e9s \u00bb<\/a>, vous pouvez exercer votre droit d\u2019acc\u00e8s aux donn\u00e9es vous concernant et les faire rectifier en contactant le responsable de traitement par mail \u00e0 l\u2019adresse suivante : <a href=\"mailto:contact@incarnatis.com\" target=\"_blank\" rel=\"noopener\">contact@incarnatis.com<\/a><\/p>\n<p><\/p>\n<p>Nous vous informons de l\u2019existence de la liste d\u2019opposition au d\u00e9marchage t\u00e9l\u00e9phonique \u00ab Bloctel \u00bb, sur laquelle vous pouvez vous inscrire ici :\u00a0<a href=\"https:\/\/conso.bloctel.fr\/\" target=\"_blank\" rel=\"noreferrer noopener\">https:\/\/conso.bloctel.fr\/<\/a><\/p>\n<p>\u00a0<\/p>\n<p><\/p>\n<h3>Cookies<\/h3>\n<p><\/p>\n<p>Si vous d\u00e9posez un commentaire sur notre site, il vous sera propos\u00e9 d\u2019enregistrer votre nom, adresse de messagerie et site web dans des cookies. C\u2019est uniquement pour votre confort afin de ne pas avoir \u00e0 saisir ces informations si vous d\u00e9posez un autre commentaire plus tard. Ces cookies expirent au bout d\u2019un an.<\/p>\n<p><\/p>\n<p>Si vous avez un compte et que vous vous connectez sur ce site, un cookie temporaire sera cr\u00e9\u00e9 afin de d\u00e9terminer si votre navigateur accepte les cookies. Il ne contient pas de donn\u00e9es personnelles et sera supprim\u00e9 automatiquement \u00e0 la fermeture de votre navigateur.<\/p>\n<p><\/p>\n<p>Lorsque vous vous connecterez, nous mettrons en place un certain nombre de cookies pour enregistrer vos informations de connexion et vos pr\u00e9f\u00e9rences d\u2019\u00e9cran. La dur\u00e9e de vie d\u2019un cookie de connexion est de deux jours, celle d\u2019un cookie d\u2019option d\u2019\u00e9cran est d\u2019un an. Si vous cochez \u00ab\u00a0Se souvenir de moi\u00a0\u00bb, votre cookie de connexion sera conserv\u00e9 pendant deux semaines. Si vous vous d\u00e9connectez de votre compte, le cookie de connexion sera effac\u00e9.<\/p>\n<p><\/p>\n<p>En modifiant ou en publiant un article, un cookie suppl\u00e9mentaire sera enregistr\u00e9 dans votre navigateur. Ce cookie ne comprend aucune donn\u00e9e personnelle. Il indique simplement l\u2019identifiant de l\u2019article que vous venez de modifier. Il expire au bout d\u2019un jour.<\/p>\n<p>\u00a0<\/p>\n<p><\/p>\n<h3>Types de cookies utilis\u00e9s<\/h3>\n<p><\/p>\n<p><strong>Cookies n\u00e9cessaires \u00e0 la navigation<\/strong><\/p>\n<p><\/p>\n<p>Les cookies n\u00e9cessaires contribuent \u00e0 rendre un site Web utilisable en activant des fonctions de base comme la navigation de page et l\u2019acc\u00e8s aux zones s\u00e9curis\u00e9es du site Web. Le site Web ne peut pas fonctionner correctement sans ces cookies.<\/p>\n<p><\/p>\n<p><strong>Cookies de pr\u00e9f\u00e9rences<\/strong><\/p>\n<p><\/p>\n<p>Les cookies de pr\u00e9f\u00e9rences permettent \u00e0 un site Web de retenir des informations qui modifient la mani\u00e8re dont le site se comporte ou s\u2019affiche, comme votre langue pr\u00e9f\u00e9r\u00e9e ou la r\u00e9gion dans laquelle vous vous situez.<\/p>\n<p><\/p>\n<p><strong>Cookies statistiques<\/strong><\/p>\n<p><\/p>\n<p>Les cookies statistiques aident les propri\u00e9taires du site Web, par la collecte et la communication d\u2019informations de mani\u00e8re anonyme, \u00e0 comprendre comment les visiteurs interagissent avec les sites Web.<\/p>\n<p><\/p>\n<p><strong>Cookies marketing<\/strong><\/p>\n<p><\/p>\n<p>Les cookies marketing sont utilis\u00e9s pour effectuer le suivi des visiteurs au travers des sites Web. Le but est d\u2019afficher des publicit\u00e9s qui sont pertinentes et int\u00e9ressantes pour l\u2019utilisateur individuel et donc plus pr\u00e9cieuses pour les \u00e9diteurs et annonceurs tiers.<\/p>\n<p>\u00a0<\/p>\n<p><\/p>\n<h3>Comment param\u00e9trer les cookies<\/h3>\n<p><\/p>\n<p>Vous pouvez \u00e0 tout moment choisir de d\u00e9sactiver les cookies, les refuser au cas par cas ou syst\u00e9matiquement. Vous pouvez param\u00e9trer votre navigateur pour vous signaler les cookies qui y sont d\u00e9pos\u00e9s ou vous demander de les accepter ou pas.<\/p>\n<p><\/p>\n<p>Vous \u00eates inform\u00e9 que le param\u00e9trage est susceptible de modifier vos conditions d\u2019acc\u00e8s \u00e0 nos contenus et d\u2019utilisation de services qui demandent l\u2019utilisation de cookies. Ainsi, si vous param\u00e9trez votre navigateur pour refuser l\u2019ensemble des cookies, vous ne pourrez pas profiter d\u2019une partie de nos services. Il est donc conseill\u00e9 de param\u00e9trer votre navigateur en tenant compte de la finalit\u00e9 des cookies.<\/p>\n<p><\/p>\n<p>Votre opposition \u00e0 l\u2019installation ou \u00e0 l\u2019utilisation d\u2019un cookie sera prise en compte par l\u2019installation d\u2019un cookie de refus sur votre terminal. Vous devrez donc pr\u00eater attention \u00e0 pas supprimer ce cookie de refus si vous souhaitez que votre choix soit pris en compte.<\/p>\n<p>\u00a0<\/p>\n<p><\/p>\n<h3>Param\u00e9trer votre navigateur<\/h3>\n<p><\/p>\n<p>\u00b7 \u00a0\u00a0Vous utilisez le navigateur\u00a0<a href=\"https:\/\/support.microsoft.com\/fr-fr\/help\/17442\/windows-internet-explorer-delete-manage-cookies\" target=\"_blank\" rel=\"noreferrer noopener\">Internet Explorer<\/a>.<\/p>\n<p><\/p>\n<p>\u00b7\u00a0 \u00a0Vous utilisez le navigateur\u00a0<a href=\"https:\/\/support.mozilla.org\/fr\/kb\/activer-desactiver-cookies-preferences?redirectlocale=fr&amp;redirectslug=activer-desactiver-cookies\" target=\"_blank\" rel=\"noreferrer noopener\">Firefox<\/a>.<\/p>\n<p><\/p>\n<p>\u00b7 \u00a0\u00a0Vous utilisez le navigateur\u00a0<a href=\"https:\/\/support.apple.com\/kb\/ph5042?locale=fr_FR\" target=\"_blank\" rel=\"noreferrer noopener\">Safari<\/a>.<\/p>\n<p><\/p>\n<p>\u00b7 \u00a0\u00a0Vous utilisez le navigateur\u00a0<a href=\"https:\/\/support.google.com\/chrome\/answer\/95647?hl=fr\" target=\"_blank\" rel=\"noreferrer noopener\">Google Chrome<\/a>.<\/p>\n<p><\/p>\n<h3>Contenu embarqu\u00e9 depuis d\u2019autres sites<\/h3>\n<p><\/p>\n<p>Les articles de ce site peuvent inclure des contenus int\u00e9gr\u00e9s (par exemple des vid\u00e9os, images, articles\u2026). Le contenu int\u00e9gr\u00e9 depuis d\u2019autres sites se comporte de la m\u00eame mani\u00e8re que si le visiteur se rendait sur cet autre site.<\/p>\n<p><\/p>\n<p>Ces sites web pourraient collecter des donn\u00e9es sur vous, utiliser des cookies, embarquer des outils de suivis tiers, suivre vos interactions avec ces contenus embarqu\u00e9s si vous disposez d\u2019un compte connect\u00e9 sur leur site web.<\/p>\n<p>\u00a0<\/p>\n<p><\/p>\n<h3>Statistiques et mesures d\u2019audience<\/h3>\n<p><\/p>\n<p>Afin de pouvoir suivre l\u2019audience de son site,\u00a0<strong>InCarnatis<\/strong>\u00a0utilise Google Analytics. Pour en savoir plus les principes de confidentialit\u00e9 et de s\u00e9curit\u00e9 de Google Analytics, nous vous invitons \u00e0 consulter la page suivante :<\/p>\n<p><\/p>\n<figure>\n<div>https:\/\/www.google.com\/analytics\/learn\/privacy.html?hl=fr<\/div>\n<\/figure>\n<p><\/p>\n<h2>Utilisation et transmission de vos donn\u00e9es personnelles<\/h2>\n<p><\/p>\n<p>Par d\u00e9faut, nous ne partageons vos donn\u00e9es personnelles avec aucun tiers.<\/p>\n<p>\u00a0<\/p>\n<p><\/p>\n<h3>Dur\u00e9es de stockage de vos donn\u00e9es<\/h3>\n<p><\/p>\n<p>Si vous laissez un commentaire, le commentaire et ses m\u00e9tadonn\u00e9es sont conserv\u00e9s ind\u00e9finiment. Cela permet de reconna\u00eetre et approuver automatiquement les commentaires suivants au lieu de les laisser dans la file de mod\u00e9ration.<\/p>\n<p><\/p>\n<p>Pour les utilisateurs et utilisatrices qui s\u2019enregistrent sur notre site, nous stockons \u00e9galement les donn\u00e9es personnelles indiqu\u00e9es dans leur profil. Tous les utilisateurs et utilisatrices peuvent voir, modifier ou supprimer leurs informations personnelles \u00e0 tout moment (\u00e0 l\u2019exception de leur nom d\u2019utilisateur\u00b7ice). Les gestionnaires du site peuvent aussi voir et modifier ces informations.<\/p>\n<p>\u00a0<\/p>\n<p><\/p>\n<h3>Les droits que vous avez sur vos donn\u00e9es<\/h3>\n<p><\/p>\n<p>Si vous avez un compte ou si vous avez laiss\u00e9 des commentaires sur le site, vous pouvez demander \u00e0 recevoir un fichier contenant toutes les donn\u00e9es personnelles que nous poss\u00e9dons \u00e0 votre sujet, incluant celles que vous nous avez fournies. Vous pouvez \u00e9galement demander la suppression des donn\u00e9es personnelles vous concernant. Cela ne prend pas en compte les donn\u00e9es stock\u00e9es \u00e0 des fins administratives, l\u00e9gales ou pour des raisons de s\u00e9curit\u00e9.<\/p>\n<p>\u00a0<\/p>\n<p><\/p>\n<h3>Transmission de vos donn\u00e9es personnelles<\/h3>\n<p><\/p>\n<p>Les commentaires des visiteurs peuvent \u00eatre v\u00e9rifi\u00e9s \u00e0 l\u2019aide d\u2019un service automatis\u00e9 de d\u00e9tection des commentaires ind\u00e9sirables.<\/p>\n<p>\u00a0<\/p>\n<p><\/p>\n<h3>Informations de contact<\/h3>\n<p><\/p>\n<p>Vous pouvez demander la modification de vos donn\u00e9es personnelles en nous envoyant un mail \u00e0 l\u2019adresse suivante : <a href=\"mailto:contact@incarnatis.com\" target=\"_blank\" rel=\"noopener\">contact@incarnatis.com<\/a><\/p>\n<p>\u00a0<\/p>\n<p><\/p>\n<h3>Informations suppl\u00e9mentaires<\/h3>\n<p><\/p>\n<p>Les droits que vous avez sur vos donn\u00e9es<\/p>\n<p><\/p>\n<p>Si vous avez un compte ou si vous avez laiss\u00e9 des commentaires sur le site, vous pouvez demander \u00e0 recevoir un fichier contenant toutes les donn\u00e9es personnelles que nous poss\u00e9dons \u00e0 votre sujet, incluant celles que vous nous avez fournies. Vous pouvez \u00e9galement demander la suppression des donn\u00e9es personnelles vous concernant. Cela ne prend pas en compte les donn\u00e9es stock\u00e9es \u00e0 des fins administratives, l\u00e9gales ou pour des raisons de s\u00e9curit\u00e9.<\/p>\n<p>\u00a0<\/p>\n<p><\/p>\n<h2>Comment nous prot\u00e9geons vos donn\u00e9es<\/h2>\n<p><\/p>\n<p>Vos donn\u00e9es sont stock\u00e9es en base de donn\u00e9es et accessibles uniquement par le personnel habilit\u00e9. Des logins et mots de passe crypt\u00e9s personnels sont utilis\u00e9s \u00e0 ces fins.<\/p>\n<p>\u00a0<\/p>\n<p><\/p>\n<h3>Proc\u00e9dures mises en \u0153uvre en cas de fuite de donn\u00e9es<\/h3>\n<p><\/p>\n<p>En cas de fuite de donn\u00e9es, nous nous conformerons scrupuleusement \u00e0 la proc\u00e9dure pr\u00e9vue par le r\u00e8glement g\u00e9n\u00e9ral sur la protection des donn\u00e9es (article 33).<\/p>\n<p>\u00a0<\/p>\n<p><\/p>\n<h3>Les services tiers qui nous transmettent des donn\u00e9es<\/h3>\n<p><\/p>\n<p>Le service Google Analytics nous transmet un certain nombre de donn\u00e9es statistiques concernant les visiteurs de notre site\u00a0<strong>www.incarnatis.com<\/strong>. Ces donn\u00e9es sont conserv\u00e9es chez Google pendant 13 mois.<\/p>\n<p><\/p>\n<p>Pour en savoir plus les principes de confidentialit\u00e9 et de s\u00e9curit\u00e9 de Google Analytics, nous vous invitons \u00e0 consulter la page suivante :<\/p>\n<p><\/p>\n<figure>\n<div>https:\/\/www.google.com\/analytics\/learn\/privacy.html?hl=fr<\/div>\n<\/figure>\n<p><\/p>\n<p>Vous avez la possibilit\u00e9 de d\u00e9sactiver ce tracking en t\u00e9l\u00e9chargeant\u00a0<a href=\"https:\/\/tools.google.com\/dlpage\/gaoptout\/\" target=\"_blank\" rel=\"noreferrer noopener\">ce module.<\/a><\/p>\n<p>\u00a0<\/p>\n<p><\/p>\n<h3>Op\u00e9rations de marketing automatis\u00e9 et\/ou de profilage r\u00e9alis\u00e9es \u00e0 l\u2019aide des donn\u00e9es personnelles<\/h3>\n<p><\/p>\n<p>Dans le cas d\u2019un commentaire laiss\u00e9 ou d\u2019un formulaire de contact soumis sur un des articles de notre blog, vos coordonn\u00e9es seront utilis\u00e9es par nos \u00e9quipes marketing pour vous prendre contact avec vous le cas \u00e9ch\u00e9ant.<\/p>\n<p>\u00a0<\/p>\n<p><\/p>\n<h3>Affichage des informations li\u00e9es aux secteurs soumis \u00e0 des r\u00e9gulations sp\u00e9cifiques<\/h3>\n<p><\/p>\n<p>N\u00e9ant<\/p>\n<p>\u00a0<\/p>\n<p><\/p>\n<p>Derni\u00e8re mise \u00e0 jour le <strong>05\/06\/2024<\/strong><\/p>\n<p><\/p>\t\t\t\t\t\t\t\t<\/div>\n\t\t\t\t<\/div>\n\t\t\t\t\t<\/div>\n\t\t<\/div>\n\t\t\t\t\t<\/div>\n\t\t<\/section>\n\t\t\t\t<\/div>\n\t\t","protected":false},"excerpt":{"rendered":"<p>Politique de confidentialit\u00e9 \u00a0 Qui sommes-nous\u00a0? McF Editions situ\u00e9e 14, rue du Parc, 91170 Viry-Chatillon, France s\u2019engage \u00e0 prot\u00e9ger les Donn\u00e9es \u00e0 Caract\u00e8re Personnel des Utilisateurs. En acc\u00e9dant au site\u00a0InCarnatis, les Utilisateurs s\u2019engagent \u00e0 respecter et \u00e0 \u00eatre li\u00e9s par cette Politique de Confidentialit\u00e9, qui peut \u00eatre modifi\u00e9e ou mise \u00e0 jour \u00e0 tout moment &#8230; <a title=\"Politique de confidentialit\u00e9\" class=\"read-more\" href=\"https:\/\/incarnatis.com\/lecture-augmentee\/politique-de-confidentialite\/\">Read more<\/a><\/p>\n","protected":false},"author":7,"featured_media":0,"parent":0,"menu_order":0,"comment_status":"closed","ping_status":"closed","template":"","meta":{"_mo_disable_npp":"","footnotes":""},"class_list":["post-3","page","type-page","status-publish"],"aioseo_notices":[],"_links":{"self":[{"href":"https:\/\/incarnatis.com\/lecture-augmentee\/wp-json\/wp\/v2\/pages\/3","targetHints":{"allow":["GET"]}}],"collection":[{"href":"https:\/\/incarnatis.com\/lecture-augmentee\/wp-json\/wp\/v2\/pages"}],"about":[{"href":"https:\/\/incarnatis.com\/lecture-augmentee\/wp-json\/wp\/v2\/types\/page"}],"author":[{"embeddable":true,"href":"https:\/\/incarnatis.com\/lecture-augmentee\/wp-json\/wp\/v2\/users\/7"}],"replies":[{"embeddable":true,"href":"https:\/\/incarnatis.com\/lecture-augmentee\/wp-json\/wp\/v2\/comments?post=3"}],"version-history":[{"count":12,"href":"https:\/\/incarnatis.com\/lecture-augmentee\/wp-json\/wp\/v2\/pages\/3\/revisions"}],"predecessor-version":[{"id":732,"href":"https:\/\/incarnatis.com\/lecture-augmentee\/wp-json\/wp\/v2\/pages\/3\/revisions\/732"}],"wp:attachment":[{"href":"https:\/\/incarnatis.com\/lecture-augmentee\/wp-json\/wp\/v2\/media?parent=3"}],"curies":[{"name":"wp","href":"https:\/\/api.w.org\/{rel}","templated":true}]}}